{"id":242,"date":"2024-11-09T09:36:11","date_gmt":"2024-11-09T08:36:11","guid":{"rendered":"https:\/\/www.ibtext.com\/?page_id=242"},"modified":"2024-11-09T09:36:12","modified_gmt":"2024-11-09T08:36:12","slug":"ochrana-osobnich-udaju","status":"publish","type":"page","link":"https:\/\/www.ibtext.com\/?page_id=242","title":{"rendered":"Ochrana osobn\u00edch \u00fadaj\u016f"},"content":{"rendered":"\n<h3 class=\"wp-block-heading\"><strong>Osobn\u00ed \u00fadaje jsou ze strany spr\u00e1vce osobn\u00edch \u00fadaj\u016f zpracov\u00e1v\u00e1ny v souladu s platn\u00fdmi pr\u00e1vn\u00edmi p\u0159edpisy, a to zejm\u00e9na s na\u0159\u00edzen\u00edm Evropsk\u00e9ho parlamentu a Rady (EU) \u010d. 2016\/679, o ochran\u011b fyzick\u00fdch osob v souvislosti se zpracov\u00e1n\u00edm osobn\u00edch \u00fadaj\u016f a o voln\u00e9m pohybu t\u011bchto \u00fadaj\u016f a o zru\u0161en\u00ed sm\u011brnice 95\/46\/ES (d\u00e1le jen: ,,Na\u0159\u00edzen\u00ed\u201c).<\/strong><\/h3>\n\n\n\n<figure class=\"wp-block-table\"><table class=\"has-fixed-layout\"><tbody><tr><td><strong>Z\u00c1SADY OCHRANY OSOBN\u00cdCH \u00daDAJ\u016e<\/strong> <strong>MGR. IRENA \u010cERM\u00c1KOV\u00c1\/MGR. BLANKA JORDANOV\u00c1<\/strong><\/td><\/tr><tr><td>Tyto z\u00e1sady ochrany osobn\u00edch \u00fadaj\u016f (\u201e<strong>Ochrana soukrom\u00ed<\/strong>\u201c) popisuj\u00ed, kter\u00e9 informace spr\u00e1vce osobn\u00edch \u00fadaj\u016f Mgr. Irena \u010cerm\u00e1kov\u00e1, se s\u00eddlem V\u00fdpadn\u00ed 776\/2b, 641 00 Brno &#8211; \u017deb\u011bt\u00edn, I\u010cO: 12424293, tel: +420602591795, email:&nbsp;<a href=\"mailto:cermakova@ibtext.com\">cermakova@ibtext.com<\/a> (\u201e<strong>poskytovatel<\/strong>\u201c), shroma\u017e\u010fuje a zpracov\u00e1v\u00e1 od sv\u00fdch potenci\u00e1ln\u00edch klient\u016f, u\u017eivatel\u016f a\/nebo n\u00e1v\u0161t\u011bvn\u00edk\u016f internetov\u00e9 str\u00e1nky (\u201e<strong>objednatel<\/strong>\u201c) um\u00edst\u011bn\u00e9 na adrese:&nbsp;<a href=\"https:\/\/www.ibtext.com\/\">https:\/\/www.ibtext.com\/<\/a>&nbsp;(\u201e<strong>webov\u00e1 str\u00e1nka<\/strong>\u201c) a jak\u00e1 bezpe\u010dnostn\u00ed opat\u0159en\u00ed jsou zavedena za \u00fa\u010delem zaji\u0161t\u011bn\u00ed jejich pot\u0159ebn\u00e9 ochrany.<\/td><\/tr><tr><td>N\u00e1v\u0161t\u011bvou a\/nebo u\u017e\u00edv\u00e1n\u00edm webov\u00e9 str\u00e1nky objednatel souhlas\u00ed s touto Ochranou soukrom\u00ed. Poskytovatel si vyhrazuje pr\u00e1vo kdykoliv zm\u011bnit nebo upravit podm\u00ednky Ochrany soukrom\u00ed.<\/td><\/tr><tr><td>Ochrana osobn\u00edch \u00fadaj\u016f se \u0159\u00edd\u00ed zejm\u00e9na na\u0159\u00edzen\u00edm Evropsk\u00e9ho parlamentu a Rady (EU) 2016\/679 ze dne 27. dubna 2016, o ochran\u011b fyzick\u00fdch osob v souvislosti se zpracov\u00e1n\u00edm osobn\u00edch \u00fadaj\u016f a o voln\u00e9m pohybu t\u011bchto \u00fadaj\u016f a o zru\u0161en\u00ed sm\u011brnice 95\/46\/ES (\u201e<strong>Na\u0159\u00edzen\u00ed<\/strong>\u201c).<\/td><\/tr><tr><td><strong>1.&nbsp;&nbsp;&nbsp;&nbsp;&nbsp;&nbsp;&nbsp;&nbsp;&nbsp;&nbsp;&nbsp;&nbsp;&nbsp;&nbsp;Shroma\u017e\u010fovan\u00e1 data<\/strong><\/td><\/tr><tr><td>1.1&nbsp;&nbsp;&nbsp;&nbsp;&nbsp;&nbsp;&nbsp;&nbsp;&nbsp;&nbsp;&nbsp; Zpracov\u00e1van\u00fdmi osobn\u00edmi \u00fadaji objednatele jsou zejm\u00e9na: (\u201e<strong>osobn\u00ed \u00fadaje<\/strong>\u201c)<\/td><\/tr><tr><td>1.2&nbsp;&nbsp;&nbsp;&nbsp;&nbsp;&nbsp;&nbsp;&nbsp;&nbsp;&nbsp;&nbsp; Objednatel bere na v\u011bdom\u00ed, \u017ee je povinen osobn\u00ed \u00fadaje uv\u00e1d\u011bt v\u017edy spr\u00e1vn\u011b a&nbsp;pravdiv\u011b a&nbsp; bez zbyte\u010dn\u00e9ho odkladu informovat poskytovatele o jak\u00fdchkoliv jejich zm\u011bn\u00e1ch.<\/td><\/tr><tr><td><strong>2.&nbsp;&nbsp;&nbsp;&nbsp;&nbsp;&nbsp;&nbsp;&nbsp;&nbsp;&nbsp;&nbsp;&nbsp;&nbsp;&nbsp;\u00da\u010dely shroma\u017e\u010fov\u00e1n\u00ed a u\u017e\u00edv\u00e1n\u00ed dat<\/strong><\/td><\/tr><tr><td>2.1&nbsp;&nbsp;&nbsp;&nbsp;&nbsp;&nbsp;&nbsp;&nbsp;&nbsp;&nbsp;&nbsp; Poskytovatel osobn\u00ed \u00fadaje zpracov\u00e1v\u00e1 z titulu: pln\u011bn\u00ed smlouvy o poskytov\u00e1n\u00ed p\u0159ekladatelsk\u00fdch a\/nebo tlumo\u010dnick\u00fdch slu\u017eeb uzav\u0159en\u00e9 mezi poskytovatelem a objednatelem (\u201e<strong>smlouva<\/strong>\u201c); pln\u011bn\u00ed z\u00e1konn\u00fdch povinnost\u00ed; a\/nebo opr\u00e1vn\u011bn\u00fdch z\u00e1jm\u016f poskytovatele (nap\u0159. pro \u00fa\u010dely p\u0159\u00edm\u00e9ho marketingu).<\/td><\/tr><tr><td>2.2&nbsp;&nbsp;&nbsp;&nbsp;&nbsp;&nbsp;&nbsp;&nbsp;&nbsp;&nbsp;&nbsp; Osobn\u00ed \u00fadaje a informace, kter\u00e9 poskytovatel od objednatele z\u00edsk\u00e1, m\u016f\u017ee pou\u017e\u00edt pro n\u00e1sleduj\u00edc\u00ed \u00fa\u010dely: za \u00fa\u010delem pln\u011bn\u00ed smlouvy. V takov\u00e9m p\u0159\u00edpad\u011b poskytovatel osobn\u00ed \u00fadaje uchov\u00e1v\u00e1 po dobu \u00fa\u010dinnosti smlouvy a po jej\u00edm ukon\u010den\u00ed po dobu vy\u017eadovanou z\u00e1konem, nezbytnou k \u0159e\u0161en\u00ed p\u0159\u00edpadn\u00fdch spor\u016f a\/nebo uplat\u0148ov\u00e1n\u00ed jeho pr\u00e1v ze smlouvy; pro marketingov\u00e9 a\/nebo jin\u00e9 obchodn\u00ed \u00fa\u010dely (v\u010d. zas\u00edl\u00e1n\u00ed newsletter\u016f a obchodn\u00edch sd\u011blen\u00ed), na z\u00e1klad\u011b opr\u00e1vn\u011bn\u00fdch z\u00e1jm\u016f poskytovatele. V takov\u00e9m p\u0159\u00edpad\u011b poskytovatel osobn\u00ed \u00fadaje uchov\u00e1v\u00e1 po dobu \u00fa\u010dinnosti smlouvy.<\/td><\/tr><tr><td>2.3&nbsp;&nbsp;&nbsp;&nbsp;&nbsp;&nbsp;&nbsp;&nbsp;&nbsp;&nbsp;&nbsp; Poskytovatel bude uchov\u00e1vat data a informace, v\u010detn\u011b osobn\u00edch \u00fadaj\u016f, po v\u00fd\u0161e uvedenou dobu, nen\u00ed-li z\u00e1konem vy\u017eadov\u00e1na nebo povolena del\u0161\u00ed doba jejich uchov\u00e1n\u00ed. Po uplynut\u00ed stanoven\u00e9 doby uchov\u00e1v\u00e1n\u00ed poskytovatel osobn\u00ed \u00fadaje vyma\u017ee. osobn\u00ed \u00fadaje budou zpracov\u00e1v\u00e1ny v&nbsp;elektronick\u00e9 podob\u011b automatizovan\u00fdm zp\u016fsobem nebo v&nbsp;ti\u0161t\u011bn\u00e9 podob\u011b neautomatizovan\u00fdm zp\u016fsobem. Poskytovatel neprov\u00e1d\u00ed&nbsp;automatick\u00e9 individu\u00e1ln\u00ed rozhodov\u00e1n\u00ed ve&nbsp;smyslu \u010dl.&nbsp;22 Na\u0159\u00edzen\u00ed.<br \/><br \/><\/td><\/tr><tr><td><strong>3.&nbsp;&nbsp;&nbsp;&nbsp;&nbsp;&nbsp;&nbsp;&nbsp;&nbsp;&nbsp;&nbsp;&nbsp;&nbsp;&nbsp;Cookies a vyu\u017e\u00edv\u00e1n\u00ed anonymn\u00edch \u00fadaj\u016f<\/strong><\/td><\/tr><tr><td>3.1&nbsp;&nbsp;&nbsp;&nbsp;&nbsp;&nbsp;&nbsp;&nbsp;&nbsp;&nbsp;&nbsp; P\u0159i u\u017e\u00edv\u00e1n\u00ed webov\u00e9 str\u00e1nky poskytovatel vyu\u017e\u00edv\u00e1 tzv. cookies, kter\u00fdmi jsou mal\u00e9 datov\u00e9 soubory ukl\u00e1dan\u00e9 na za\u0159\u00edzen\u00ed objednatele po n\u00e1v\u0161t\u011bv\u011b webov\u00e9 str\u00e1nky a kter\u00e9 zvy\u0161uj\u00ed u\u017eivatelsk\u00fd komfort p\u0159i n\u00e1v\u0161t\u011bv\u011b webov\u00e9 str\u00e1nky. V&nbsp;r\u00e1mci u\u017e\u00edv\u00e1n\u00ed cookies poskytovatel zaznamen\u00e1v\u00e1 objednatelovu URL, IP adresu, typ prohl\u00ed\u017ee\u010de a jazyka, n\u00e1zev hostitele, rozli\u0161en\u00ed obrazovky, um\u00edst\u011bn\u00ed a \u010dasov\u00e9 p\u00e1smo, typ za\u0159\u00edzen\u00ed a datum a \u010das n\u00e1v\u0161t\u011bvy webov\u00e9 str\u00e1nky, jako\u017e i informaci o tom, kterou \u010d\u00e1st webov\u00e9 str\u00e1nky objednatel nav\u0161t\u00edvil.<\/td><\/tr><tr><td>3.2&nbsp;&nbsp;&nbsp;&nbsp;&nbsp;&nbsp;&nbsp;&nbsp;&nbsp;&nbsp;&nbsp; Pokud objednatel nav\u0161t\u00edv\u00ed webovou str\u00e1nku a nastaven\u00ed jeho prohl\u00ed\u017ee\u010de ukl\u00e1d\u00e1n\u00ed cookies na jeho koncov\u00e9m za\u0159\u00edzen\u00ed umo\u017e\u0148uje, pova\u017euje poskytovatel takov\u00e9to nastaven\u00ed za souhlas se zpracov\u00e1n\u00edm osobn\u00edch \u00fadaj\u016f a s&nbsp;ukl\u00e1d\u00e1n\u00edm cookies. Pokud si objednatel nep\u0159eje, aby k&nbsp;ukl\u00e1d\u00e1n\u00ed cookies na jeho za\u0159\u00edzen\u00ed doch\u00e1zelo, m\u016f\u017ee tuto funkci na sv\u00e9m za\u0159\u00edzen\u00ed zak\u00e1zat.<\/td><\/tr><tr><td><strong>4.&nbsp;&nbsp;&nbsp;&nbsp;&nbsp;&nbsp;&nbsp;&nbsp;&nbsp;&nbsp;&nbsp;&nbsp;&nbsp;&nbsp;Sd\u00edlen\u00ed<\/strong><\/td><\/tr><tr><td>4.1&nbsp;&nbsp;&nbsp;&nbsp;&nbsp;&nbsp;&nbsp;&nbsp;&nbsp;&nbsp;&nbsp; Poskytovatel nep\u0159ed\u00e1v\u00e1 osobn\u00ed \u00fadaje \u017e\u00e1dn\u00e9 t\u0159et\u00ed osob\u011b, s&nbsp;v\u00fdjimkou: sv\u00fdch poskytovatel\u016f . Osobn\u00ed \u00fadaje budou v&nbsp;t\u011bchto p\u0159\u00edpadech poskytnuty pouze v minim\u00e1ln\u00edm (nezbytn\u00e9m) v&nbsp;rozsahu. Poskytovatel m\u016f\u017ee pov\u011b\u0159it t\u0159et\u00ed osobu (jako\u017eto zpracovatele) zpracov\u00e1n\u00edm osobn\u00edch \u00fadaj\u016f. Poskytovatel osobn\u00ed \u00fadaje nep\u0159ed\u00e1v\u00e1 do t\u0159et\u00ed zem\u011b nebo mezin\u00e1rodn\u00ed organizaci.<\/td><\/tr><tr><td><strong>5.&nbsp;&nbsp;&nbsp;&nbsp;&nbsp;&nbsp;&nbsp;&nbsp;&nbsp;&nbsp;&nbsp;&nbsp;&nbsp;&nbsp;Zabezpe\u010den\u00ed<\/strong><\/td><\/tr><tr><td>5.1&nbsp;&nbsp;&nbsp;&nbsp;&nbsp;&nbsp;&nbsp;&nbsp;&nbsp;&nbsp;&nbsp; Osobn\u00ed \u00fadaje objednatele jsou dostate\u010dn\u011b zabezpe\u010deny proti ztr\u00e1t\u011b, zni\u010den\u00ed, zm\u011bn\u011b, zneu\u017eit\u00ed, neopr\u00e1vn\u011bn\u00e9mu zp\u0159\u00edstupn\u011bn\u00ed, p\u0159enos\u016fm a\/nebo zpracov\u00e1n\u00ed, prost\u0159ednictv\u00edm vhodn\u00fdch technick\u00fdch a organiza\u010dn\u00edch opat\u0159en\u00edch p\u0159ijat\u00fdch s&nbsp;p\u0159ihl\u00e9dnut\u00edm ke stavu techniky, n\u00e1klad\u016fm na proveden\u00ed, povaze, rozsahu, kontextu a&nbsp;\u00fa\u010del\u016fm zpracov\u00e1n\u00ed, jako\u017e i m\u00ed\u0159e rizik pro pr\u00e1va a&nbsp;svobody fyzick\u00fdch osob.<\/td><\/tr><tr><td><br \/><\/td><\/tr><tr><td><strong>6.&nbsp;&nbsp;&nbsp;&nbsp;&nbsp;&nbsp;&nbsp;&nbsp;&nbsp;&nbsp;&nbsp;&nbsp;&nbsp;&nbsp;Pr\u00e1va objednatele JAKO\u017dTO SUBJEKTU \u00daDAJ\u016e<\/strong><\/td><\/tr><tr><td>6.1&nbsp;&nbsp;&nbsp;&nbsp;&nbsp;&nbsp;&nbsp;&nbsp;&nbsp;&nbsp;&nbsp;&nbsp;<em>Pr\u00e1vo na p\u0159\u00edstup k osobn\u00edm \u00fadaj\u016fm<\/em>. Objednatel je opr\u00e1vn\u011bn od poskytovatele po\u017eadovat informaci nap\u0159. o tom, zda jsou jeho osobn\u00ed \u00fadaje zpracov\u00e1v\u00e1ny \u010di nikoliv a pokud ano, m\u00e1 pr\u00e1vo na p\u0159\u00edstup k informac\u00edm o \u00fa\u010delech zpracov\u00e1n\u00ed, kategori\u00edch dot\u010den\u00fdch osobn\u00edch \u00fadaj\u016f, p\u0159\u00edjemc\u00edch nebo kategori\u00edch p\u0159\u00edjemc\u016f, atd. Objednatel m\u00e1 pr\u00e1vo na poskytnut\u00ed kopi\u00ed zpracov\u00e1van\u00fdch osobn\u00edch \u00fadaj\u016f.<\/td><\/tr><tr><td>6.2&nbsp;&nbsp;&nbsp;&nbsp;&nbsp;&nbsp;&nbsp;&nbsp;&nbsp;&nbsp;&nbsp;&nbsp;<em>Pr\u00e1vo na opravu osobn\u00edch \u00fadaj\u016f.<\/em>&nbsp;Objednatel m\u00e1 pr\u00e1vo na opravu nep\u0159esn\u00fdch \u010di dopln\u011bn\u00ed ne\u00fapln\u00fdch osobn\u00edch \u00fadaj\u016f.<\/td><\/tr><tr><td>6.3&nbsp;&nbsp;&nbsp;&nbsp;&nbsp;&nbsp;&nbsp;&nbsp;&nbsp;&nbsp;&nbsp;&nbsp;<em>Pr\u00e1vo na v\u00fdmaz osobn\u00edch \u00fadaj\u016f (\u201epr\u00e1vo b\u00fdt zapomenut\u201c).<\/em>&nbsp;Ve stanoven\u00fdch p\u0159\u00edpadech \u2013 nap\u0159\u00edklad, kdy\u017e zpracov\u00e1van\u00e9 osobn\u00ed \u00fadaje nejsou pro stanoven\u00e9 \u00fa\u010dely nad\u00e1le pot\u0159ebn\u00e9 \u2013 m\u00e1 objednatel pr\u00e1vo po\u017eadovat, aby poskytovatel jeho osobn\u00ed \u00fadaje vymazal.<\/td><\/tr><tr><td>6.4&nbsp;&nbsp;&nbsp;&nbsp;&nbsp;&nbsp;&nbsp;&nbsp;&nbsp;&nbsp;&nbsp;&nbsp;<em>Pr\u00e1vo na omezen\u00ed zpracov\u00e1n\u00ed.<\/em>&nbsp;Objednatel m\u00e1 v ur\u010dit\u00fdch p\u0159\u00edpadech pr\u00e1vo na omezen\u00ed zpracov\u00e1n\u00ed osobn\u00edch \u00fadaj\u016f, kter\u00e9 se jej t\u00fdkaj\u00ed, a to nap\u0159. pokud pop\u00edr\u00e1 p\u0159esnost osobn\u00edch \u00fadaj\u016f.<\/td><\/tr><tr><td>6.5&nbsp;&nbsp;&nbsp;&nbsp;&nbsp;&nbsp;&nbsp;&nbsp;&nbsp;&nbsp;&nbsp;&nbsp;<em>Pr\u00e1vo na p\u0159enositelnost \u00fadaj\u016f.<\/em>&nbsp;Pr\u00e1vo na p\u0159enositelnost osobn\u00edch \u00fadaj\u016f se t\u00fdk\u00e1 pouze p\u0159\u00edpad\u016f, kdy jsou osobn\u00ed \u00fadaje objednatelem poskytnuty poskytovateli (i) na z\u00e1klad\u011b smlouvy nebo souhlasu se zpracov\u00e1n\u00edm a (ii) jsou zpracov\u00e1v\u00e1ny automatizovan\u011b. P\u0159i uplatn\u011bn\u00ed pr\u00e1va na p\u0159enositelnost p\u0159ed\u00e1 poskytovatel osobn\u00ed \u00fadaje objednateli nebo j\u00edm ur\u010den\u00e9mu spr\u00e1vci ve strukturovan\u00e9m, b\u011b\u017en\u011b pou\u017e\u00edvan\u00e9m a strojov\u011b \u010diteln\u00e9m form\u00e1tu.<\/td><\/tr><tr><td>6.6&nbsp;&nbsp;&nbsp;&nbsp;&nbsp;&nbsp;&nbsp;&nbsp;&nbsp;&nbsp;&nbsp;&nbsp;<em>Pr\u00e1vo odvolat souhlas.<\/em>&nbsp;Ud\u011blen\u00fd souhlas se zpracov\u00e1n\u00edm osobn\u00edch \u00fadaj\u016f m\u016f\u017ee objednatel v p\u0159\u00edpad\u011b, kdy je zpracov\u00e1n\u00ed zalo\u017eeno na souhlasu, v\u016f\u010di poskytovateli kdykoliv odvolat na e-mailov\u00e9 adrese&nbsp;<a href=\"mailto:cermakova@ibtext.com\">cermakova@ibtext.com<\/a>.<\/td><\/tr><tr><td>6.7&nbsp;&nbsp;&nbsp;&nbsp;&nbsp;&nbsp;&nbsp;&nbsp;&nbsp;&nbsp;&nbsp;&nbsp;<em>Pr\u00e1vo vzn\u00e9st n\u00e1mitku.<\/em>&nbsp;Je-li zpracov\u00e1n\u00ed osobn\u00edch \u00fadaj\u016f prov\u00e1d\u011bno pro \u00fa\u010dely opr\u00e1vn\u011bn\u00fdch z\u00e1jm\u016f poskytovatele nebo pro \u00fa\u010dely prov\u00e1d\u011bn\u00ed \u00fakolu ve ve\u0159ejn\u00e9m z\u00e1jmu nebo p\u0159i v\u00fdkonu ve\u0159ejn\u00e9 moci, v\u010d. automatizovan\u00e9ho rozhodov\u00e1n\u00ed a\/nebo profilov\u00e1n\u00ed, m\u00e1 objednatel pr\u00e1vo vzn\u00e9st n\u00e1mitku proti zpracov\u00e1n\u00ed.<\/td><\/tr><tr><td>6.8&nbsp;&nbsp;&nbsp;&nbsp;&nbsp;&nbsp;&nbsp;&nbsp;&nbsp;&nbsp;&nbsp; Sv\u00e1 pr\u00e1va m\u016f\u017ee objednatel uplatnit na z\u00e1klad\u011b \u017e\u00e1dosti na e-mailov\u00e9 adrese&nbsp;<a href=\"mailto:cermakova@ibtext.com\">cermakova@ibtext.com<\/a> . \u017d\u00e1dost poskytovatel vy\u0159\u00edd\u00ed co nejd\u0159\u00edve, nejpozd\u011bji v\u0161ak do jednoho (1) m\u011bs\u00edce. Lh\u016ftu je poskytovatel opr\u00e1vn\u011bn v p\u0159\u00edpad\u011b pot\u0159eby a s ohledem na slo\u017eitost a po\u010det \u017e\u00e1dost\u00ed prodlou\u017eit a\u017e o dva (2) m\u011bs\u00edce. O prodlou\u017een\u00ed bude poskytovatel objednatele informovat.<\/td><\/tr><tr><td>6.9&nbsp;&nbsp;&nbsp;&nbsp;&nbsp;&nbsp;&nbsp;&nbsp;&nbsp;&nbsp;&nbsp; Ve\u0161ker\u00e1 sd\u011blen\u00ed a vyj\u00e1d\u0159en\u00ed (v\u010d. vy\u0159izov\u00e1n\u00ed \u017e\u00e1dost\u00ed objednatel\u016f) jsou poskytov\u00e1na bez\u00faplatn\u011b. Pokud by v\u0161ak \u017e\u00e1dost objednatele byla zjevn\u011b ned\u016fvodn\u00e1 nebo nep\u0159im\u011b\u0159en\u00e1, zejm\u00e9na by se opakovala, je poskytovatel opr\u00e1vn\u011bn si za jej\u00ed vy\u0159\u00edzen\u00ed \u00fa\u010dtovat p\u0159im\u011b\u0159en\u00fd poplatek, odpov\u00eddaj\u00edc\u00ed administrativn\u00edm n\u00e1klad\u016fm spojen\u00fdm s poskytnut\u00edm po\u017eadovan\u00fdch informac\u00ed.<\/td><\/tr><tr><td>6.10&nbsp;&nbsp;&nbsp;&nbsp;&nbsp;&nbsp;&nbsp;&nbsp; Pokud se objednatel domn\u00edv\u00e1, \u017ee zpracov\u00e1n\u00edm jeho osobn\u00edch \u00fadaj\u016f do\u0161lo k&nbsp;poru\u0161en\u00ed p\u0159\u00edslu\u0161n\u00fdch pr\u00e1vn\u00edch p\u0159edpis\u016f, m\u00e1 pr\u00e1vo podat st\u00ed\u017enost u \u00da\u0159adu pro ochranu osobn\u00edch \u00fadaj\u016f (adresa: Pplk. Sochora 27, 170 00 Praha 7, el. podatelna:&nbsp;<a href=\"mailto:posta@uoou.cz\">posta@uoou.cz<\/a>).<\/td><\/tr><tr><td><strong>7.&nbsp;&nbsp;&nbsp;&nbsp;&nbsp;&nbsp;&nbsp;&nbsp;&nbsp;&nbsp;&nbsp;&nbsp;&nbsp;&nbsp;Kontakt<\/strong> Mgr. Irena \u010cerm\u00e1kov\u00e1 Adresa: V\u00fdpadn\u00ed 776\/2b, 641 00 Brno \u2013 \u017deb\u011bt\u00edn Tel: +420602591795 E-mail:&nbsp;cermakova@ibtext.com<br \/><br \/><\/td><\/tr><\/tbody><\/table><\/figure>\n","protected":false},"excerpt":{"rendered":"<p><!-- wp:heading {\"level\":3} --><\/p>\n<h3 class=\"wp-block-heading\"><strong>Osobn\u00ed \u00fadaje jsou ze strany spr\u00e1vce osobn\u00edch \u00fadaj\u016f zpracov\u00e1v\u00e1ny v souladu s platn\u00fdmi pr\u00e1vn\u00edmi p\u0159edpisy, a to zejm\u00e9na s na\u0159\u00edzen\u00edm Evropsk\u00e9ho parlamentu a Rady (EU) \u010d. 2016\/679, o och&#8230;<\/p>\n","protected":false},"author":1,"featured_media":0,"parent":0,"menu_order":0,"comment_status":"closed","ping_status":"closed","template":"","meta":{"footnotes":""},"class_list":["post-242","page","type-page","status-publish","hentry"],"_links":{"self":[{"href":"https:\/\/www.ibtext.com\/index.php?rest_route=\/wp\/v2\/pages\/242"}],"collection":[{"href":"https:\/\/www.ibtext.com\/index.php?rest_route=\/wp\/v2\/pages"}],"about":[{"href":"https:\/\/www.ibtext.com\/index.php?rest_route=\/wp\/v2\/types\/page"}],"author":[{"embeddable":true,"href":"https:\/\/www.ibtext.com\/index.php?rest_route=\/wp\/v2\/users\/1"}],"replies":[{"embeddable":true,"href":"https:\/\/www.ibtext.com\/index.php?rest_route=%2Fwp%2Fv2%2Fcomments&post=242"}],"version-history":[{"count":4,"href":"https:\/\/www.ibtext.com\/index.php?rest_route=\/wp\/v2\/pages\/242\/revisions"}],"predecessor-version":[{"id":247,"href":"https:\/\/www.ibtext.com\/index.php?rest_route=\/wp\/v2\/pages\/242\/revisions\/247"}],"wp:attachment":[{"href":"https:\/\/www.ibtext.com\/index.php?rest_route=%2Fwp%2Fv2%2Fmedia&parent=242"}],"curies":[{"name":"wp","href":"https:\/\/api.w.org\/{rel}","templated":true}]}}