{"id":28,"date":"2013-09-27T01:22:40","date_gmt":"2013-09-26T23:22:40","guid":{"rendered":"http:\/\/www.ibtext.com\/?page_id=28"},"modified":"2022-02-06T16:26:28","modified_gmt":"2022-02-06T15:26:28","slug":"homepage","status":"publish","type":"page","link":"https:\/\/www.ibtext.com\/","title":{"rendered":"\u00davodn\u00ed str\u00e1nka"},"content":{"rendered":"<h1 style=\"text-align: left;\" align=\"center\"><span style=\"color: #ffffff;\"><strong>Mgr. Irena \u010cerm\u00e1kov\u00e1, Mgr. Blanka Jordanov\u00e1<\/strong><\/span><\/h1>\n<p>Poskytujeme profesion\u00e1ln\u00ed p\u0159ekladatelsk\u00e9 slu\u017eby se zam\u011b\u0159en\u00edm na anglick\u00fd, n\u011bmeck\u00fd a rusk\u00fd jazyk ji\u017e od roku 1998 a m\u016f\u017eeme V\u00e1m tak nab\u00eddnout rozs\u00e1hl\u00e9 zku\u0161enosti. Vysok\u00e1 kvalita a v\u010dasn\u00e9 zpracov\u00e1n\u00ed text\u016f je pro n\u00e1s samoz\u0159ejmost\u00ed.<\/p>\n<p>Mezi na\u0161e spokojen\u00e9 klienty pat\u0159\u00ed cel\u00e1 \u0159ada \u010desk\u00fdch i zahrani\u010dn\u00edch spole\u010dnost\u00ed, banky, advok\u00e1tn\u00ed a patentov\u00e9 kancel\u00e1\u0159e, soudy i fyzick\u00e9 osoby. Na po\u017e\u00e1d\u00e1n\u00ed V\u00e1m r\u00e1di za\u0161leme seznam referenc\u00ed. Samoz\u0159ejmost\u00ed je zachov\u00e1n\u00ed naprost\u00e9 ml\u010denlivosti o v\u0161ech \u00fadaj\u00edch z Va\u0161ich dokument\u016f.<\/p>\n<p><\/p>\n<h2>P\u0159eklady se soudn\u00edm ov\u011b\u0159en\u00edm<\/h2>\n<p>(vysv\u011bd\u010den\u00ed, doklady, povolen\u00ed, certifik\u00e1ty, rodn\u00e9 listy, oddac\u00ed listy, \u00famrtn\u00ed listy, pln\u00e9 moci, apostily, smlouvy, v\u00fdpisy z obchodn\u00edho rejst\u0159\u00edku, v\u00fdpisy z rejst\u0159\u00edku trest\u016f, \u00fa\u010detn\u00ed uz\u00e1v\u011brky, \u2026).<\/p>\n<p>Soudn\u00ed p\u0159eklady jsou pe\u010detn\u00edm prov\u00e1zkem a pe\u010det\u00ed p\u0159ekladatele pevn\u011b spojeny s origin\u00e1ln\u00edm textem dokumentu nebo not\u00e1\u0159sky ov\u011b\u0159enou kopii a je k\u00a0nim p\u0159ipojena tlumo\u010dnick\u00e1 dolo\u017eka.<\/p>\n<p><\/p>\n<h2>Term\u00edny a cena<\/h2>\n<p>P\u0159eklady vyhotovujeme dle dohody v b\u011b\u017en\u00fdch i expresn\u00edch term\u00ednech, ke ka\u017ed\u00e9mu z\u00e1kazn\u00edkovi p\u0159istupujeme individu\u00e1ln\u011b, nem\u00e1me minim\u00e1ln\u00ed sazbu, pro konkr\u00e9tn\u00ed nab\u00eddku n\u00e1s pros\u00edm kontaktujte.<\/p>\n\n\n<div style=\"height:36px\" aria-hidden=\"true\" class=\"wp-block-spacer\"><\/div>\n","protected":false},"excerpt":{"rendered":"<p>Mgr. Irena \u010cerm\u00e1kov\u00e1, Mgr. Blanka Jordanov\u00e1 Poskytujeme profesion\u00e1ln\u00ed p\u0159ekladatelsk\u00e9 slu\u017eby se zam\u011b\u0159en\u00edm na anglick\u00fd, n\u011bmeck\u00fd a rusk\u00fd jazyk ji\u017e od roku 1998 a m\u016f\u017eeme V\u00e1m tak nab\u00eddnout rozs\u00e1hl\u00e9 zku\u0161enosti. Vysok\u00e1 kvalita a v\u010dasn\u00e9 zpracov\u00e1n\u00ed text\u016f je pro n\u00e1s samoz\u0159ejmost\u00ed. Mezi na\u0161e spokojen\u00e9 klienty pat\u0159\u00ed cel\u00e1 \u0159ada \u010desk\u00fdch i zahrani\u010dn\u00edch spole\u010dnost\u00ed, [&hellip;]<\/p>\n","protected":false},"author":1,"featured_media":0,"parent":0,"menu_order":0,"comment_status":"closed","ping_status":"closed","template":"","meta":{"footnotes":""},"class_list":["post-28","page","type-page","status-publish","hentry"],"_links":{"self":[{"href":"https:\/\/www.ibtext.com\/index.php?rest_route=\/wp\/v2\/pages\/28"}],"collection":[{"href":"https:\/\/www.ibtext.com\/index.php?rest_route=\/wp\/v2\/pages"}],"about":[{"href":"https:\/\/www.ibtext.com\/index.php?rest_route=\/wp\/v2\/types\/page"}],"author":[{"embeddable":true,"href":"https:\/\/www.ibtext.com\/index.php?rest_route=\/wp\/v2\/users\/1"}],"replies":[{"embeddable":true,"href":"https:\/\/www.ibtext.com\/index.php?rest_route=%2Fwp%2Fv2%2Fcomments&post=28"}],"version-history":[{"count":17,"href":"https:\/\/www.ibtext.com\/index.php?rest_route=\/wp\/v2\/pages\/28\/revisions"}],"predecessor-version":[{"id":212,"href":"https:\/\/www.ibtext.com\/index.php?rest_route=\/wp\/v2\/pages\/28\/revisions\/212"}],"wp:attachment":[{"href":"https:\/\/www.ibtext.com\/index.php?rest_route=%2Fwp%2Fv2%2Fmedia&parent=28"}],"curies":[{"name":"wp","href":"https:\/\/api.w.org\/{rel}","templated":true}]}}