{"id":33,"date":"2013-09-27T01:29:28","date_gmt":"2013-09-26T23:29:28","guid":{"rendered":"http:\/\/www.ibtext.com\/?page_id=33"},"modified":"2024-11-09T08:51:44","modified_gmt":"2024-11-09T07:51:44","slug":"kontakty-2","status":"publish","type":"page","link":"https:\/\/www.ibtext.com\/?page_id=33","title":{"rendered":"Kontakty"},"content":{"rendered":"\n<div class=\"wp-block-columns is-layout-flex wp-container-core-columns-is-layout-1 wp-block-columns-is-layout-flex\">\n<div class=\"wp-block-column is-layout-flow wp-block-column-is-layout-flow\">\n<p><\/p>\n\n\n\n<div class=\"wp-block-media-text is-stacked-on-mobile\" style=\"grid-template-columns:35% auto\"><figure class=\"wp-block-media-text__media\"><img loading=\"lazy\" decoding=\"async\" width=\"150\" height=\"150\" src=\"https:\/\/www.ibtext.com\/wp-content\/uploads\/2022\/02\/Navrh-bez-nazvu-9-150x150.png\" alt=\"\" class=\"wp-image-214 size-thumbnail\" srcset=\"https:\/\/www.ibtext.com\/wp-content\/uploads\/2022\/02\/Navrh-bez-nazvu-9-150x150.png 150w, https:\/\/www.ibtext.com\/wp-content\/uploads\/2022\/02\/Navrh-bez-nazvu-9-300x300.png 300w, https:\/\/www.ibtext.com\/wp-content\/uploads\/2022\/02\/Navrh-bez-nazvu-9-700x700.png 700w, https:\/\/www.ibtext.com\/wp-content\/uploads\/2022\/02\/Navrh-bez-nazvu-9-768x768.png 768w, https:\/\/www.ibtext.com\/wp-content\/uploads\/2022\/02\/Navrh-bez-nazvu-9.png 1260w\" sizes=\"(max-width: 150px) 100vw, 150px\" \/><\/figure><div class=\"wp-block-media-text__content\">\n<p class=\"has-medium-font-size\"><strong>Mgr. Irena \u010cerm\u00e1kov\u00e1<\/strong><\/p>\n<\/div><\/div>\n\n\n\n<div class=\"wp-block-group is-layout-flex wp-block-group-is-layout-flex\">\n<div style=\"height:28px;width:0px\" aria-hidden=\"true\" class=\"wp-block-spacer wp-container-content-1\"><\/div>\n<\/div>\n\n\n\n<p><em>Anglick\u00fd a rusk\u00fd jazyk<\/em><\/p>\n\n\n\n<p>V\u00fdpadn\u00ed 776\/2b, 641 00 Brno &#8211; \u017deb\u011bt\u00edn<\/p>\n\n\n\n<p>tel.: +420 546 211 795<\/p>\n\n\n\n<p>mobil: +420 602 591 795<\/p>\n\n\n\n<p>e-mail: <a href=\"mailto:cermakova@ibtext.com\">cermakova@ibtext.com<\/a><\/p>\n\n\n\n<p>I\u010cO: 12424293<\/p>\n\n\n\n<p>Registrace na z\u00e1klad\u011b \u017dL, vydan\u00e9ho \u017divnostensk\u00fdm \u00fa\u0159adem m\u011bsta Brna, pod&nbsp;\u010d. j.: 29831\/05<a rel=\"noreferrer noopener\" href=\"http:\/\/www.rzp.cz\/cgi-bin\/aps_cacheWEB.sh?VSS_SERV=ZVWSBJVYP&amp;OKRES=&amp;CASTOBCE=&amp;OBEC=&amp;ULICE=&amp;CDOM=&amp;COR=&amp;COZ=&amp;ICO=12424293&amp;OBCHJM=&amp;OBCHJMATD=0&amp;JMENO=&amp;PRIJMENI=&amp;NAROZENI=&amp;ROLE=&amp;VYPIS=1&amp;PODLE=subjekt&amp;IDICO=51ea2afdae0226b251b4&amp;HISTORIE=0\" target=\"_blank\"> <\/a>dne 19.9. 2005.<\/p>\n<\/div>\n\n\n\n<div class=\"wp-block-column is-layout-flow wp-block-column-is-layout-flow\">\n<p><\/p>\n\n\n\n<div class=\"wp-block-media-text is-stacked-on-mobile\" style=\"grid-template-columns:35% auto\"><figure class=\"wp-block-media-text__media\"><img loading=\"lazy\" decoding=\"async\" width=\"150\" height=\"150\" src=\"https:\/\/www.ibtext.com\/wp-content\/uploads\/2022\/02\/Navrh-bez-nazvu-6-1-150x150.png\" alt=\"\" class=\"wp-image-138 size-thumbnail\" srcset=\"https:\/\/www.ibtext.com\/wp-content\/uploads\/2022\/02\/Navrh-bez-nazvu-6-1-150x150.png 150w, https:\/\/www.ibtext.com\/wp-content\/uploads\/2022\/02\/Navrh-bez-nazvu-6-1-300x300.png 300w, https:\/\/www.ibtext.com\/wp-content\/uploads\/2022\/02\/Navrh-bez-nazvu-6-1-700x700.png 700w, https:\/\/www.ibtext.com\/wp-content\/uploads\/2022\/02\/Navrh-bez-nazvu-6-1-768x768.png 768w, https:\/\/www.ibtext.com\/wp-content\/uploads\/2022\/02\/Navrh-bez-nazvu-6-1.png 1260w\" sizes=\"(max-width: 150px) 100vw, 150px\" \/><\/figure><div class=\"wp-block-media-text__content\">\n<p class=\"has-medium-font-size\"><strong>Mgr. Blanka Jordanov\u00e1<\/strong><\/p>\n<\/div><\/div>\n\n\n\n<div class=\"wp-block-group is-layout-flex wp-block-group-is-layout-flex\">\n<div style=\"height:28px;width:0px\" aria-hidden=\"true\" class=\"wp-block-spacer wp-container-content-2\"><\/div>\n<\/div>\n\n\n\n<p><em>N\u011bmeck\u00fd jazyk<\/em><\/p>\n\n\n\n<p>V\u00fdpadn\u00ed 20, 641 00 Brno &#8211; \u017deb\u011bt\u00edn<\/p>\n\n\n\n<p>tel.\/fax: +420 546 212 077<\/p>\n\n\n\n<p>mobil: +420 605 988 394<\/p>\n\n\n\n<p>e-mail: <a href=\"mailto:cermakova@ibtext.com\">jordanova@ibtext.com<\/a><\/p>\n\n\n\n<p>I\u010cO: 65287878<\/p>\n\n\n\n<p>Registrace na z\u00e1klad\u011b \u017dL, vydan\u00e9ho&nbsp;Magistr\u00e1tem m\u011bsta Brna, pod<a href=\"http:\/\/www.rzp.cz\/cgi-bin\/aps_cacheWEB.sh?VSS_SERV=ZVWSBJVYP&amp;OKRES=&amp;CASTOBCE=&amp;OBEC=&amp;ULICE=&amp;CDOM=&amp;COR=&amp;COZ=&amp;ICO=12424293&amp;OBCHJM=&amp;OBCHJMATD=0&amp;JMENO=&amp;PRIJMENI=&amp;NAROZENI=&amp;ROLE=&amp;VYPIS=1&amp;PODLE=subjekt&amp;IDICO=51ea2afdae0226b251b4&amp;HISTORIE=0\" target=\"_blank\" rel=\"noreferrer noopener\">&nbsp;<\/a>\u010dj.:<br \/>ZUMB\/20529\/2008\/Zas\/4.<\/p>\n<\/div>\n<\/div>\n\n\n\n<div class=\"wp-block-group is-layout-flex wp-block-group-is-layout-flex\"><\/div>\n\n\n\n<div class=\"wp-block-columns is-layout-flex wp-container-core-columns-is-layout-2 wp-block-columns-is-layout-flex\">\n<div class=\"wp-block-column is-layout-flow wp-block-column-is-layout-flow\"><\/div>\n\n\n\n<div class=\"wp-block-column is-layout-flow wp-block-column-is-layout-flow\"><\/div>\n<\/div>\n\n\n\n<h5 class=\"wp-block-heading\">Poptat p\u0159eklad nebo tlumo\u010den\u00ed:<\/h5>\n\n\n\n<div class=\"wpforms-container wpforms-container-full\" id=\"wpforms-104\"><form id=\"wpforms-form-104\" class=\"wpforms-validate wpforms-form\" data-formid=\"104\" method=\"post\" enctype=\"multipart\/form-data\" action=\"\/index.php?rest_route=%2Fwp%2Fv2%2Fpages%2F33\" data-token=\"7baed297782d2ad921ea11d20e14ba6d\" data-token-time=\"1777505172\"><noscript class=\"wpforms-error-noscript\">Chcete-li vyplnit tento formul\u00e1\u0159, pros\u00edm povolte v prohl\u00ed\u017ee\u010di JavaScript.<\/noscript><div class=\"wpforms-field-container\"><div id=\"wpforms-104-field_0-container\" class=\"wpforms-field wpforms-field-name wpforms-one-half wpforms-first\" data-field-id=\"0\"><label class=\"wpforms-field-label wpforms-label-hide\" for=\"wpforms-104-field_0\">Jm\u00e9no <span class=\"wpforms-required-label\">*<\/span><\/label><input type=\"text\" id=\"wpforms-104-field_0\" class=\"wpforms-field-large wpforms-field-required\" name=\"wpforms[fields][0]\" placeholder=\"Jm\u00e9no\" required><\/div><div id=\"wpforms-104-field_3-container\" class=\"wpforms-field wpforms-field-email wpforms-one-half\" data-field-id=\"3\"><label class=\"wpforms-field-label wpforms-label-hide\" for=\"wpforms-104-field_3\">Email <span class=\"wpforms-required-label\">*<\/span><\/label><input type=\"email\" id=\"wpforms-104-field_3\" class=\"wpforms-field-large wpforms-field-required\" name=\"wpforms[fields][3]\" placeholder=\"Email\" spellcheck=\"false\" required><\/div><div id=\"wpforms-104-field_4-container\" class=\"wpforms-field wpforms-field-text\" data-field-id=\"4\"><label class=\"wpforms-field-label wpforms-label-hide\" for=\"wpforms-104-field_4\">P\u0159edm\u011bt<\/label><input type=\"text\" id=\"wpforms-104-field_4\" class=\"wpforms-field-large\" name=\"wpforms[fields][4]\" placeholder=\"P\u0159edm\u011bt\" ><\/div><div id=\"wpforms-104-field_2-container\" class=\"wpforms-field wpforms-field-textarea\" data-field-id=\"2\"><label class=\"wpforms-field-label wpforms-label-hide\" for=\"wpforms-104-field_2\">Zpr\u00e1va <span class=\"wpforms-required-label\">*<\/span><\/label><textarea id=\"wpforms-104-field_2\" class=\"wpforms-field-medium wpforms-field-required\" name=\"wpforms[fields][2]\" placeholder=\"Zpr\u00e1va\" required><\/textarea><\/div><div id=\"wpforms-104-field_5-container\" class=\"wpforms-field wpforms-field-gdpr-checkbox\" data-field-id=\"5\"><label class=\"wpforms-field-label\">Dohoda GDPR <span class=\"wpforms-required-label\">*<\/span><\/label><ul id=\"wpforms-104-field_5\" class=\"wpforms-field-required\"><li class=\"choice-1\"><input type=\"checkbox\" id=\"wpforms-104-field_5_1\" name=\"wpforms[fields][5][]\" value=\"Odesl\u00e1n\u00edm zpr\u00e1vy souhlas\u00edm se zpracov\u00e1n\u00edm osobn\u00edch \u00fadaj\u016f. Kompletn\u00ed zn\u011bn\u00ed naleznete na str\u00e1nce ochrana osobn\u00edch \u00fadaj\u016f n\u00ed\u017ee.\" required ><label class=\"wpforms-field-label-inline\" for=\"wpforms-104-field_5_1\">Odesl\u00e1n\u00edm zpr\u00e1vy souhlas\u00edm se zpracov\u00e1n\u00edm osobn\u00edch \u00fadaj\u016f. Kompletn\u00ed zn\u011bn\u00ed naleznete na str\u00e1nce ochrana osobn\u00edch \u00fadaj\u016f n\u00ed\u017ee.<\/label><\/li><\/ul><\/div><\/div><!-- .wpforms-field-container --><div class=\"wpforms-recaptcha-container wpforms-is-recaptcha wpforms-is-recaptcha-type-v3\" ><input type=\"hidden\" name=\"wpforms[recaptcha]\" value=\"\"><\/div><div class=\"wpforms-submit-container\" ><input type=\"hidden\" name=\"wpforms[id]\" value=\"104\"><input type=\"hidden\" name=\"page_title\" value=\"\"><input type=\"hidden\" name=\"page_url\" value=\"https:\/\/www.ibtext.com\/index.php?rest_route=\/wp\/v2\/pages\/33\"><input type=\"hidden\" name=\"url_referer\" value=\"\"><button type=\"submit\" name=\"wpforms[submit]\" id=\"wpforms-submit-104\" class=\"wpforms-submit\" data-alt-text=\"Odes\u00edl\u00e1n\u00ed\" data-submit-text=\"Odeslat zpr\u00e1vu\" aria-live=\"assertive\" value=\"wpforms-submit\">Odeslat zpr\u00e1vu<\/button><\/div><\/form><\/div>  <!-- .wpforms-container -->\n\n\n\n<p><\/p>\n","protected":false},"excerpt":{"rendered":"<p><!-- wp:columns --><\/p>\n<div class=\"wp-block-columns\"><!-- wp:column --><\/p>\n<div class=\"wp-block-column\"><!-- wp:paragraph --><\/p>\n<p><!-- \/wp:paragraph --><\/p>\n<p><!-- wp:media-text {\"align\":\"\",\"mediaId\":214,\"mediaType\":\"image\",\"mediaWidth\":35,\"mediaSizeSlug\":\"...\n<\/p>\n","protected":false},"author":1,"featured_media":0,"parent":0,"menu_order":2,"comment_status":"closed","ping_status":"closed","template":"","meta":{"footnotes":""},"class_list":["post-33","page","type-page","status-publish","hentry"],"_links":{"self":[{"href":"https:\/\/www.ibtext.com\/index.php?rest_route=\/wp\/v2\/pages\/33"}],"collection":[{"href":"https:\/\/www.ibtext.com\/index.php?rest_route=\/wp\/v2\/pages"}],"about":[{"href":"https:\/\/www.ibtext.com\/index.php?rest_route=\/wp\/v2\/types\/page"}],"author":[{"embeddable":true,"href":"https:\/\/www.ibtext.com\/index.php?rest_route=\/wp\/v2\/users\/1"}],"replies":[{"embeddable":true,"href":"https:\/\/www.ibtext.com\/index.php?rest_route=%2Fwp%2Fv2%2Fcomments&post=33"}],"version-history":[{"count":48,"href":"https:\/\/www.ibtext.com\/index.php?rest_route=\/wp\/v2\/pages\/33\/revisions"}],"predecessor-version":[{"id":241,"href":"https:\/\/www.ibtext.com\/index.php?rest_route=\/wp\/v2\/pages\/33\/revisions\/241"}],"wp:attachment":[{"href":"https:\/\/www.ibtext.com\/index.php?rest_route=%2Fwp%2Fv2%2Fmedia&parent=33"}],"curies":[{"name":"wp","href":"https:\/\/api.w.org\/{rel}","templated":true}]}}